{"id":144,"date":"2021-05-11T05:31:46","date_gmt":"2021-05-11T03:31:46","guid":{"rendered":"http:\/\/gasthof-paul.com\/test\/rooms-2\/"},"modified":"2024-12-10T08:25:36","modified_gmt":"2024-12-10T07:25:36","slug":"unterkuenfte","status":"publish","type":"page","link":"https:\/\/www.gasthof-paul.com\/?page_id=144","title":{"rendered":"Unterk\u00fcnfte"},"content":{"rendered":"\t\t<div data-elementor-type=\"wp-page\" data-elementor-id=\"144\" class=\"elementor elementor-144\">\n\t\t\t\t\t\t<section class=\"elementor-section elementor-top-section elementor-element elementor-element-be17ba7 elementor-section-boxed elementor-section-height-default elementor-section-height-default\" data-id=\"be17ba7\" data-element_type=\"section\" data-settings=\"{&quot;background_background&quot;:&quot;classic&quot;}\">\n\t\t\t\t\t\t\t<div class=\"elementor-background-overlay\"><\/div>\n\t\t\t\t\t\t\t<div class=\"elementor-container elementor-column-gap-default\">\n\t\t\t\t\t<div class=\"elementor-column elementor-col-100 elementor-top-column elementor-element elementor-element-4ee5b36\" data-id=\"4ee5b36\" data-element_type=\"column\">\n\t\t\t<div class=\"elementor-widget-wrap elementor-element-populated\">\n\t\t\t\t\t\t<div class=\"elementor-element elementor-element-b707b08 elementor-widget elementor-widget-heading\" data-id=\"b707b08\" data-element_type=\"widget\" data-widget_type=\"heading.default\">\n\t\t\t\t<div class=\"elementor-widget-container\">\n\t\t\t\t\t<h1 class=\"elementor-heading-title elementor-size-default\">Unsere Zimmer<\/h1>\t\t\t\t<\/div>\n\t\t\t\t<\/div>\n\t\t\t\t\t<\/div>\n\t\t<\/div>\n\t\t\t\t\t<\/div>\n\t\t<\/section>\n\t\t\t\t<section class=\"elementor-section elementor-top-section elementor-element elementor-element-fb93083 elementor-section-boxed elementor-section-height-default elementor-section-height-default\" data-id=\"fb93083\" data-element_type=\"section\" data-settings=\"{&quot;background_background&quot;:&quot;classic&quot;}\">\n\t\t\t\t\t\t<div class=\"elementor-container elementor-column-gap-default\">\n\t\t\t\t\t<div class=\"elementor-column elementor-col-100 elementor-top-column elementor-element elementor-element-cddded4\" data-id=\"cddded4\" data-element_type=\"column\">\n\t\t\t<div class=\"elementor-widget-wrap elementor-element-populated\">\n\t\t\t\t\t\t<div class=\"elementor-element elementor-element-f3ae32b elementor-widget__width-initial elementor-widget-tablet__width-initial elementor-widget-mobile__width-inherit elementor-widget elementor-widget-image-box\" data-id=\"f3ae32b\" data-element_type=\"widget\" data-widget_type=\"image-box.default\">\n\t\t\t\t<div class=\"elementor-widget-container\">\n\t\t\t\t\t<div class=\"elementor-image-box-wrapper\"><div class=\"elementor-image-box-content\"><h2 class=\"elementor-image-box-title\">Unsere Zimmer<\/h2><\/div><\/div>\t\t\t\t<\/div>\n\t\t\t\t<\/div>\n\t\t\t\t<div class=\"elementor-element elementor-element-d3a6d65 elementor-widget elementor-widget-text-editor\" data-id=\"d3a6d65\" data-element_type=\"widget\" data-widget_type=\"text-editor.default\">\n\t\t\t\t<div class=\"elementor-widget-container\">\n\t\t\t\t\t\t\t\t\t<p>W\u00e4hlen Sei ein Zimmer aus und \u00fcberpr\u00fcfen buchen Sie direkt Ihren n\u00e4chsten Urlaub in S\u00fcdtirol.<\/p>\t\t\t\t\t\t\t\t<\/div>\n\t\t\t\t<\/div>\n\t\t\t\t<section class=\"elementor-section elementor-inner-section elementor-element elementor-element-c546405 elementor-section-boxed elementor-section-height-default elementor-section-height-default\" data-id=\"c546405\" data-element_type=\"section\">\n\t\t\t\t\t\t<div class=\"elementor-container elementor-column-gap-no\">\n\t\t\t\t\t<div class=\"elementor-column elementor-col-50 elementor-inner-column elementor-element elementor-element-973f43f\" data-id=\"973f43f\" data-element_type=\"column\">\n\t\t\t<div class=\"elementor-widget-wrap elementor-element-populated\">\n\t\t\t\t\t\t<div class=\"elementor-element elementor-element-2ac0c7b elementor-widget elementor-widget-mphbe-room\" data-id=\"2ac0c7b\" data-element_type=\"widget\" data-widget_type=\"mphbe-room.default\">\n\t\t\t\t<div class=\"elementor-widget-container\">\n\t\t\t\t\t<div class=\"mphb_sc_room-wrapper \"><\/div>\t\t\t\t<\/div>\n\t\t\t\t<\/div>\n\t\t\t\t<div class=\"elementor-element elementor-element-c9e9fd1 elementor-widget elementor-widget-mphbe-room\" data-id=\"c9e9fd1\" data-element_type=\"widget\" data-widget_type=\"mphbe-room.default\">\n\t\t\t\t<div class=\"elementor-widget-container\">\n\t\t\t\t\t<div class=\"mphb_sc_room-wrapper \"><div class=\"mphb-room-type post-769 mphb_room_type type-mphb_room_type status-publish has-post-thumbnail mphb_room_type_facility-terasse mphb-room-type-adults-2 mphb-room-type-children-0 has-taxes-and-fees\">\n\n\t\n\t\n\n\t<p class=\"post-thumbnail mphb-loop-room-thumbnail\">\n\t<a href=\"https:\/\/www.gasthof-paul.com\/?mphb_room_type=superior-doppelbett\">\n\t<img fetchpriority=\"high\" decoding=\"async\" width=\"1920\" height=\"1280\" src=\"https:\/\/www.gasthof-paul.com\/wp-content\/uploads\/2022\/05\/20230318-_MAN8551_KLEIN.jpg\" class=\"attachment-post-thumbnail size-post-thumbnail wp-post-image\" alt=\"\" srcset=\"https:\/\/www.gasthof-paul.com\/wp-content\/uploads\/2022\/05\/20230318-_MAN8551_KLEIN.jpg 1920w, https:\/\/www.gasthof-paul.com\/wp-content\/uploads\/2022\/05\/20230318-_MAN8551_KLEIN-300x200.jpg 300w, https:\/\/www.gasthof-paul.com\/wp-content\/uploads\/2022\/05\/20230318-_MAN8551_KLEIN-1024x683.jpg 1024w, https:\/\/www.gasthof-paul.com\/wp-content\/uploads\/2022\/05\/20230318-_MAN8551_KLEIN-768x512.jpg 768w, https:\/\/www.gasthof-paul.com\/wp-content\/uploads\/2022\/05\/20230318-_MAN8551_KLEIN-1536x1024.jpg 1536w\" sizes=\"(max-width: 1920px) 100vw, 1920px\" \/>\t<\/a>\n\n\t<\/p>\n\n<h2 class=\"mphb-room-type-title entry-title\">\n\n<a class=\"mphb-room-type-title\" href=\"https:\/\/www.gasthof-paul.com\/?mphb_room_type=superior-doppelbett\">Superior Doppelbett<\/a>\n\n<\/h2>\n\n<p>Ger\u00e4umiges Doppelbett Zimmer mit direkten Zugang zur Sonnenterasse<\/p>\n\n\n<div class=\"mphb-to-book-btn-wrapper\">\n<form action=\"https:\/\/www.gasthof-paul.com\/?mphb_room_type=superior-doppelbett#booking-form-769\" method=\"get\" ><input type=\"hidden\" name=\"mphb_room_type\" value=\"superior-doppelbett\" \/><button type=\"submit\" class=\"button mphb-book-button\" >Buchen<\/button><\/form>\n<br\/><\/div>\n\t\n<\/div>\n<\/div>\t\t\t\t<\/div>\n\t\t\t\t<\/div>\n\t\t\t\t<div class=\"elementor-element elementor-element-e72074c elementor-widget elementor-widget-mphbe-room\" data-id=\"e72074c\" data-element_type=\"widget\" data-widget_type=\"mphbe-room.default\">\n\t\t\t\t<div class=\"elementor-widget-container\">\n\t\t\t\t\t<div class=\"mphb_sc_room-wrapper \"><div class=\"mphb-room-type post-893 mphb_room_type type-mphb_room_type status-publish has-post-thumbnail mphb_room_type_facility-terasse mphb-room-type-adults-1 mphb-room-type-children-0 has-taxes-and-fees\">\n\n\t\n\t\n\n\t<p class=\"post-thumbnail mphb-loop-room-thumbnail\">\n\t<a href=\"https:\/\/www.gasthof-paul.com\/?mphb_room_type=superior-einzelbett\">\n\t<img decoding=\"async\" width=\"1920\" height=\"1280\" src=\"https:\/\/www.gasthof-paul.com\/wp-content\/uploads\/2023\/04\/20230318-_MAN8578-HDR_KLEIN.jpg\" class=\"attachment-post-thumbnail size-post-thumbnail wp-post-image\" alt=\"\" srcset=\"https:\/\/www.gasthof-paul.com\/wp-content\/uploads\/2023\/04\/20230318-_MAN8578-HDR_KLEIN.jpg 1920w, https:\/\/www.gasthof-paul.com\/wp-content\/uploads\/2023\/04\/20230318-_MAN8578-HDR_KLEIN-300x200.jpg 300w, https:\/\/www.gasthof-paul.com\/wp-content\/uploads\/2023\/04\/20230318-_MAN8578-HDR_KLEIN-1024x683.jpg 1024w, https:\/\/www.gasthof-paul.com\/wp-content\/uploads\/2023\/04\/20230318-_MAN8578-HDR_KLEIN-768x512.jpg 768w, https:\/\/www.gasthof-paul.com\/wp-content\/uploads\/2023\/04\/20230318-_MAN8578-HDR_KLEIN-1536x1024.jpg 1536w\" sizes=\"(max-width: 1920px) 100vw, 1920px\" \/>\t<\/a>\n\n\t<\/p>\n\n<h2 class=\"mphb-room-type-title entry-title\">\n\n<a class=\"mphb-room-type-title\" href=\"https:\/\/www.gasthof-paul.com\/?mphb_room_type=superior-einzelbett\">Superior Einzelbett<\/a>\n\n<\/h2>\n\n<p>Ger\u00e4umiges Einzelbett Zimmer mit direkten Zugang zur Sonnenterasse<\/p>\n\n\n<div class=\"mphb-to-book-btn-wrapper\">\n<form action=\"https:\/\/www.gasthof-paul.com\/?mphb_room_type=superior-einzelbett#booking-form-893\" method=\"get\" ><input type=\"hidden\" name=\"mphb_room_type\" value=\"superior-einzelbett\" \/><button type=\"submit\" class=\"button mphb-book-button\" >Buchen<\/button><\/form>\n<br\/><\/div>\n\t\n<\/div>\n<\/div>\t\t\t\t<\/div>\n\t\t\t\t<\/div>\n\t\t\t\t\t<\/div>\n\t\t<\/div>\n\t\t\t\t<div class=\"elementor-column elementor-col-50 elementor-inner-column elementor-element elementor-element-b83cf8f\" data-id=\"b83cf8f\" data-element_type=\"column\">\n\t\t\t<div class=\"elementor-widget-wrap elementor-element-populated\">\n\t\t\t\t\t\t<div class=\"elementor-element elementor-element-3c20537 elementor-widget elementor-widget-mphbe-room\" data-id=\"3c20537\" data-element_type=\"widget\" data-widget_type=\"mphbe-room.default\">\n\t\t\t\t<div class=\"elementor-widget-container\">\n\t\t\t\t\t<div class=\"mphb_sc_room-wrapper \"><div class=\"mphb-room-type post-487 mphb_room_type type-mphb_room_type status-publish has-post-thumbnail mphb-room-type-adults-2 mphb-room-type-children-0 has-taxes-and-fees\">\n\n\t\n\t\n\n\t<p class=\"post-thumbnail mphb-loop-room-thumbnail\">\n\t<a href=\"https:\/\/www.gasthof-paul.com\/?mphb_room_type=doppelbett-zimmer\">\n\t<img decoding=\"async\" width=\"2560\" height=\"1707\" src=\"https:\/\/www.gasthof-paul.com\/wp-content\/uploads\/2022\/04\/MG_2682-scaled.jpg\" class=\"attachment-post-thumbnail size-post-thumbnail wp-post-image\" alt=\"Zimmer\" srcset=\"https:\/\/www.gasthof-paul.com\/wp-content\/uploads\/2022\/04\/MG_2682-scaled.jpg 2560w, https:\/\/www.gasthof-paul.com\/wp-content\/uploads\/2022\/04\/MG_2682-300x200.jpg 300w, https:\/\/www.gasthof-paul.com\/wp-content\/uploads\/2022\/04\/MG_2682-1024x683.jpg 1024w, https:\/\/www.gasthof-paul.com\/wp-content\/uploads\/2022\/04\/MG_2682-768x512.jpg 768w, https:\/\/www.gasthof-paul.com\/wp-content\/uploads\/2022\/04\/MG_2682-1536x1024.jpg 1536w, https:\/\/www.gasthof-paul.com\/wp-content\/uploads\/2022\/04\/MG_2682-2048x1365.jpg 2048w\" sizes=\"(max-width: 2560px) 100vw, 2560px\" \/>\t<\/a>\n\n\t<\/p>\n\n<h2 class=\"mphb-room-type-title entry-title\">\n\n<a class=\"mphb-room-type-title\" href=\"https:\/\/www.gasthof-paul.com\/?mphb_room_type=doppelbett-zimmer\">Doppelbett Zimmer<\/a>\n\n<\/h2>\n\n<p>Doppelbett Zimmer ohne Zugang zur Sonnenterasse<\/p>\n\n\n<div class=\"mphb-to-book-btn-wrapper\">\n<form action=\"https:\/\/www.gasthof-paul.com\/?mphb_room_type=doppelbett-zimmer#booking-form-487\" method=\"get\" ><input type=\"hidden\" name=\"mphb_room_type\" value=\"doppelbett-zimmer\" \/><button type=\"submit\" class=\"button mphb-book-button\" >Buchen<\/button><\/form>\n<br\/><\/div>\n\t\n<\/div>\n<\/div>\t\t\t\t<\/div>\n\t\t\t\t<\/div>\n\t\t\t\t\t<\/div>\n\t\t<\/div>\n\t\t\t\t\t<\/div>\n\t\t<\/section>\n\t\t\t\t\t<\/div>\n\t\t<\/div>\n\t\t\t\t\t<\/div>\n\t\t<\/section>\n\t\t\t\t<section class=\"elementor-section elementor-top-section elementor-element elementor-element-70140c9 elementor-section-boxed elementor-section-height-default elementor-section-height-default\" data-id=\"70140c9\" data-element_type=\"section\" data-settings=\"{&quot;background_background&quot;:&quot;classic&quot;}\">\n\t\t\t\t\t\t\t<div class=\"elementor-background-overlay\"><\/div>\n\t\t\t\t\t\t\t<div class=\"elementor-container elementor-column-gap-no\">\n\t\t\t\t\t<div class=\"elementor-column elementor-col-100 elementor-top-column elementor-element elementor-element-41b0ca7\" data-id=\"41b0ca7\" data-element_type=\"column\">\n\t\t\t<div class=\"elementor-widget-wrap elementor-element-populated\">\n\t\t\t\t\t\t<div class=\"elementor-element elementor-element-3454780 elementor-widget elementor-widget-heading\" data-id=\"3454780\" data-element_type=\"widget\" data-widget_type=\"heading.default\">\n\t\t\t\t<div class=\"elementor-widget-container\">\n\t\t\t\t\t<h2 class=\"elementor-heading-title elementor-size-default\">Planen Sie noch heute einen unvergessliches Aufenhtalt in S\u00fcdtirol\n<\/h2>\t\t\t\t<\/div>\n\t\t\t\t<\/div>\n\t\t\t\t<div class=\"elementor-element elementor-element-9dce65d elementor-widget elementor-widget-heading\" data-id=\"9dce65d\" data-element_type=\"widget\" data-widget_type=\"heading.default\">\n\t\t\t\t<div class=\"elementor-widget-container\">\n\t\t\t\t\t<p class=\"elementor-heading-title elementor-size-default\">BUCHEN SIE TELEFONISCH ODER DIREKT \u00dcBER UNSERE WEBSITE<\/p>\t\t\t\t<\/div>\n\t\t\t\t<\/div>\n\t\t\t\t<div class=\"elementor-element elementor-element-e97c028 elementor-align-center elementor-icon-list--layout-traditional elementor-list-item-link-full_width elementor-widget elementor-widget-icon-list\" data-id=\"e97c028\" data-element_type=\"widget\" data-widget_type=\"icon-list.default\">\n\t\t\t\t<div class=\"elementor-widget-container\">\n\t\t\t\t\t\t\t<ul class=\"elementor-icon-list-items\">\n\t\t\t\t\t\t\t<li class=\"elementor-icon-list-item\">\n\t\t\t\t\t\t\t\t\t\t\t<span class=\"elementor-icon-list-icon\">\n\t\t\t\t\t\t\t<i aria-hidden=\"true\" class=\"fas fa-phone-alt\"><\/i>\t\t\t\t\t\t<\/span>\n\t\t\t\t\t\t\t\t\t\t<span class=\"elementor-icon-list-text\">+39 - 0472 415 124<\/span>\n\t\t\t\t\t\t\t\t\t<\/li>\n\t\t\t\t\t\t<\/ul>\n\t\t\t\t\t\t<\/div>\n\t\t\t\t<\/div>\n\t\t\t\t<div class=\"elementor-element elementor-element-e96d373 elementor-widget elementor-widget-image\" data-id=\"e96d373\" data-element_type=\"widget\" data-widget_type=\"image.default\">\n\t\t\t\t<div class=\"elementor-widget-container\">\n\t\t\t\t\t\t\t\t\t\t\t\t\t\t\t<img loading=\"lazy\" decoding=\"async\" width=\"300\" height=\"159\" src=\"https:\/\/www.gasthof-paul.com\/wp-content\/uploads\/2022\/04\/S__dtirol-logo-07B8695C74-seeklogo.com_.png\" class=\"attachment-large size-large wp-image-632\" alt=\"\" \/>\t\t\t\t\t\t\t\t\t\t\t\t\t\t\t<\/div>\n\t\t\t\t<\/div>\n\t\t\t\t\t<\/div>\n\t\t<\/div>\n\t\t\t\t\t<\/div>\n\t\t<\/section>\n\t\t\t\t<\/div>\n\t\t","protected":false},"excerpt":{"rendered":"<p>Unsere Zimmer Unsere Zimmer W\u00e4hlen Sei ein Zimmer aus und \u00fcberpr\u00fcfen buchen Sie direkt Ihren n\u00e4chsten Urlaub in S\u00fcdtirol. Superior Doppelbett Ger\u00e4umiges Doppelbett Zimmer mit direkten Zugang zur Sonnenterasse Buchen Superior Einzelbett Ger\u00e4umiges Einzelbett Zimmer mit direkten Zugang zur Sonnenterasse Buchen Doppelbett Zimmer Doppelbett Zimmer ohne Zugang zur Sonnenterasse Buchen Planen Sie noch heute einen [&hellip;]<\/p>\n","protected":false},"author":1,"featured_media":0,"parent":0,"menu_order":0,"comment_status":"closed","ping_status":"closed","template":"","meta":{"site-sidebar-layout":"no-sidebar","site-content-layout":"page-builder","ast-site-content-layout":"","site-content-style":"default","site-sidebar-style":"default","ast-global-header-display":"","ast-banner-title-visibility":"","ast-main-header-display":"","ast-hfb-above-header-display":"","ast-hfb-below-header-display":"","ast-hfb-mobile-header-display":"","site-post-title":"disabled","ast-breadcrumbs-content":"","ast-featured-img":"disabled","footer-sml-layout":"","theme-transparent-header-meta":"enabled","adv-header-id-meta":"","stick-header-meta":"","header-above-stick-meta":"","header-main-stick-meta":"","header-below-stick-meta":"","astra-migrate-meta-layouts":"default","ast-page-background-enabled":"default","ast-page-background-meta":{"desktop":{"background-color":"","background-image":"","background-repeat":"repeat","background-position":"center center","background-size":"auto","background-attachment":"scroll","background-type":"","background-media":"","overlay-type":"","overlay-color":"","overlay-opacity":"","overlay-gradient":""},"tablet":{"background-color":"","background-image":"","background-repeat":"repeat","background-position":"center center","background-size":"auto","background-attachment":"scroll","background-type":"","background-media":"","overlay-type":"","overlay-color":"","overlay-opacity":"","overlay-gradient":""},"mobile":{"background-color":"","background-image":"","background-repeat":"repeat","background-position":"center center","background-size":"auto","background-attachment":"scroll","background-type":"","background-media":"","overlay-type":"","overlay-color":"","overlay-opacity":"","overlay-gradient":""}},"ast-content-background-meta":{"desktop":{"background-color":"var(--ast-global-color-5)","background-image":"","background-repeat":"repeat","background-position":"center center","background-size":"auto","background-attachment":"scroll","background-type":"","background-media":"","overlay-type":"","overlay-color":"","overlay-opacity":"","overlay-gradient":""},"tablet":{"background-color":"var(--ast-global-color-5)","background-image":"","background-repeat":"repeat","background-position":"center center","background-size":"auto","background-attachment":"scroll","background-type":"","background-media":"","overlay-type":"","overlay-color":"","overlay-opacity":"","overlay-gradient":""},"mobile":{"background-color":"var(--ast-global-color-5)","background-image":"","background-repeat":"repeat","background-position":"center center","background-size":"auto","background-attachment":"scroll","background-type":"","background-media":"","overlay-type":"","overlay-color":"","overlay-opacity":"","overlay-gradient":""}},"footnotes":""},"class_list":["post-144","page","type-page","status-publish","hentry"],"_links":{"self":[{"href":"https:\/\/www.gasthof-paul.com\/index.php?rest_route=\/wp\/v2\/pages\/144","targetHints":{"allow":["GET"]}}],"collection":[{"href":"https:\/\/www.gasthof-paul.com\/index.php?rest_route=\/wp\/v2\/pages"}],"about":[{"href":"https:\/\/www.gasthof-paul.com\/index.php?rest_route=\/wp\/v2\/types\/page"}],"author":[{"embeddable":true,"href":"https:\/\/www.gasthof-paul.com\/index.php?rest_route=\/wp\/v2\/users\/1"}],"replies":[{"embeddable":true,"href":"https:\/\/www.gasthof-paul.com\/index.php?rest_route=%2Fwp%2Fv2%2Fcomments&post=144"}],"version-history":[{"count":49,"href":"https:\/\/www.gasthof-paul.com\/index.php?rest_route=\/wp\/v2\/pages\/144\/revisions"}],"predecessor-version":[{"id":1402,"href":"https:\/\/www.gasthof-paul.com\/index.php?rest_route=\/wp\/v2\/pages\/144\/revisions\/1402"}],"wp:attachment":[{"href":"https:\/\/www.gasthof-paul.com\/index.php?rest_route=%2Fwp%2Fv2%2Fmedia&parent=144"}],"curies":[{"name":"wp","href":"https:\/\/api.w.org\/{rel}","templated":true}]}}