{"id":783,"date":"2022-05-03T12:49:40","date_gmt":"2022-05-03T10:49:40","guid":{"rendered":"http:\/\/gasthof-paul.com\/test\/?page_id=783"},"modified":"2025-03-20T16:55:38","modified_gmt":"2025-03-20T15:55:38","slug":"impressum","status":"publish","type":"page","link":"https:\/\/www.gasthof-paul.com\/?page_id=783","title":{"rendered":"Impressum"},"content":{"rendered":"\t\t<div data-elementor-type=\"wp-page\" data-elementor-id=\"783\" class=\"elementor elementor-783\">\n\t\t\t\t\t\t<section class=\"elementor-section elementor-top-section elementor-element elementor-element-e059ce7 elementor-section-boxed elementor-section-height-default elementor-section-height-default\" data-id=\"e059ce7\" data-element_type=\"section\" data-settings=\"{&quot;background_background&quot;:&quot;classic&quot;}\">\n\t\t\t\t\t\t\t<div class=\"elementor-background-overlay\"><\/div>\n\t\t\t\t\t\t\t<div class=\"elementor-container elementor-column-gap-default\">\n\t\t\t\t\t<div class=\"elementor-column elementor-col-100 elementor-top-column elementor-element elementor-element-363bcf8\" data-id=\"363bcf8\" data-element_type=\"column\">\n\t\t\t<div class=\"elementor-widget-wrap\">\n\t\t\t\t\t\t\t<\/div>\n\t\t<\/div>\n\t\t\t\t\t<\/div>\n\t\t<\/section>\n\t\t\t\t<section class=\"elementor-section elementor-top-section elementor-element elementor-element-70cc886 elementor-section-boxed elementor-section-height-default elementor-section-height-default\" data-id=\"70cc886\" data-element_type=\"section\">\n\t\t\t\t\t\t<div class=\"elementor-container elementor-column-gap-default\">\n\t\t\t\t\t<div class=\"elementor-column elementor-col-100 elementor-top-column elementor-element elementor-element-82a38a9\" data-id=\"82a38a9\" data-element_type=\"column\">\n\t\t\t<div class=\"elementor-widget-wrap elementor-element-populated\">\n\t\t\t\t\t\t<div class=\"elementor-element elementor-element-831eb39 elementor-widget elementor-widget-heading\" data-id=\"831eb39\" data-element_type=\"widget\" data-widget_type=\"heading.default\">\n\t\t\t\t<div class=\"elementor-widget-container\">\n\t\t\t\t\t<h2 class=\"elementor-heading-title elementor-size-default\">Impressum<\/h2>\t\t\t\t<\/div>\n\t\t\t\t<\/div>\n\t\t\t\t<div class=\"elementor-element elementor-element-85ff2cc elementor-widget elementor-widget-text-editor\" data-id=\"85ff2cc\" data-element_type=\"widget\" data-widget_type=\"text-editor.default\">\n\t\t\t\t<div class=\"elementor-widget-container\">\n\t\t\t\t\t\t\t\t\t<h3><strong>Betreiber der Homepage<\/strong><\/h3><p>Weger Fabian<br \/>Natz \u2013\u00a0F\u00fcrstnergasse 3<br \/>39040 Natz\/Schabs (Italien)<\/p><p>Tel.: (+39) 0472 415 124<br \/>Fax.: (+39) 0472 \/ 415 061<br \/>E-Mail: info@gasthof-paul.com<\/p><p>CIN: IT021057A19XG5CCQK<\/p><h3><strong>Haftungsausschluss und Hinweise<\/strong><\/h3><p>Diese Website enth\u00e4lt Links auf Websites von Dritten. Trotz sorgf\u00e4ltiger inhaltlicher Kontrolle wird keinerlei Haftung f\u00fcr den Inhalt der verlinkten Websites \u00fcbernommen. Die Verantwortung und Haftung f\u00fcr deren Inhalt und Gestaltung liegt ausschlie\u00dflich bei den jeweiligen Betreibern.<\/p><h3><strong>Verweise und Links<\/strong><\/h3><p>Trotz sorgf\u00e4ltiger inhaltlicher Kontrolle \u00fcbernehmen wir keine Haftung f\u00fcr die Inhalte externer Links. F\u00fcr den Inhalt der verlinkten Seiten sind ausschlie\u00dflich deren Betreiber verantwortlich. Wir distanzieren uns ausdr\u00fccklich von der zum Ausdruck gebrachten Meinung auf diesen Seiten, da diese nicht in jedem Fall unserer Meinung entsprechen kann.<\/p><h3><strong>Rechtsg\u00fcltigkeit<\/strong><\/h3><p>Sollten Teile oder einzelne Formulierungen des hier ver\u00f6ffentlichten Textes nicht, nicht mehr oder nicht vollkommen den geltenden gesetzlichen Bestimmungen entsprechen, so \u00e4ndert sich die G\u00fcltigkeit des restlichen Textes nicht. Evtl. Streitigkeiten werden an unserem Gerichtssitz entschieden.<span style=\"color: var(--ast-global-color-2); font-size: 1.75rem; font-style: inherit; background-color: var(--ast-global-color-4);\">\u00a0<\/span><\/p><h3><strong>Datenschutz<\/strong><\/h3><p>Ihre Daten werden im Sinne des Artikels 13 des gesetzesvertretenden Dekretes vom 30.06.2003 Nr. 196 (Datenschutz-Kodex) verarbeitet.<\/p><p>Wir informieren Sie dar\u00fcber, dass die auf elektronischen Wege erhobenen Daten ausschlie\u00dflich zur Verarbeitung der Kundenanfrage und der Vermittlung eines Informationsdienstes dienen, der kommerzielle Angebote, allgemeine Informationen und Neuigkeiten zum Inhalt hat.<\/p><p>Laut Artikel 7 des genannten Dekretes erhalten Sie jederzeit unentgeltlich Auskunft zu den \u00fcber Sie gespeicherten personenbezogenen Daten und k\u00f6nnen ggf. deren Berichtigung, Erg\u00e4nzung oder L\u00f6schung beantragen. Wenden Sie sich dazu bitte an die Rechtsinhaber der gesammelten Daten, die \u00fcber die eMail-Adresse\u00a0monika.baumgartner@rolmail.net<\/p><h3><strong>Guestpass:<\/strong><\/h3><p>Bei Vervollst\u00e4ndigung des Aufenthaltsvertrags wird dem Gast der S\u00fcdtirol Alto Adige Guest Pass (in Folge Guest Pass) ausgestellt, der laut Beschluss der S\u00fcdtiroler Landesregierung Nr. 732\/2022 f\u00fcr die gesamte Dauer seines Aufenthalts sowie ab 0:00 Uhr des Tages der Anreise bis 24:00 Uhr am Tag der Abreise g\u00fcltig ist.\u00a0<\/p><p>Der Guest Pass umfasst die Nutzung aller \u00f6ffentlichen Verkehrsmittel innerhalb des S\u00fcdtirolmobil-Verbundgebiets sowie zus\u00e4tzliche Leistungen, welche pro Tourismusorganisation unterschiedlich ausfallen. Detaillierte Informationen finden Sie unter: suedtirol-guestpass.info\u00a0<\/p><p>Einziger S\u00fcdtirol weiter Tr\u00e4ger des Guest Pass ist das Mobilit\u00e4tskonsortium welches als einheitliche Koordinierungsstelle gem\u00e4\u00df obigen LR-Beschluss vom Landesverband der Tourismusorganisationen S\u00fcdtirols (LTS) am 16.11.2022 ernannt wurde. Die Einzelheiten der mit dem Guest Pass verbundenen Zusatzleistungen sowie die Nutzungsbedingungen des Guest Pass werden von dem mit der Ausstellung und Verwaltung des Guest Pass beauftragten Dritten mitgeteilt. Detaillierte Informationen finden Sie unter: suedtirol-guestpass.info\u00a0<\/p><p>Zweck Die \u00fcbermittelten personenbezogenen Daten werden an die einheitliche Koordinierungsstelle des Guest Pass \u00fcbermittelt, um die Erstellung und Benutzung des Guest Pass zu erm\u00f6glichen und die damit verbundenen Dienstleistungen zur Verf\u00fcgung zu stellen.\u00a0<\/p><p>Empf\u00e4nger Im Zusammenhang mit der Ausstellung des Guest Pass werden Ihre Daten an das Mobilit\u00e4tskonsortium mit MwSt.-Nr. 02735170215 \u00fcbermittelt, das als G\u00e4stekartentr\u00e4ger und einheitliche Koordinierungsstelle die Rolle des autonomen Datenverantwortlichen bei der Verarbeitung der \u00fcbermittelten Daten innehat. F\u00fcr weitere Informationen \u00fcber die Verarbeitung, der die Daten unterzogen werden, k\u00f6nnen Sie eine E-Mail an privacy@moko.bz.it schreiben.\u00a0<\/p><p>Rechtsgrundlage Die Rechtsgrundlage f\u00fcr die Verarbeitung liegt in Art. 6 Abs. 1 Buchstabe b) der DSGVO.\u00a0<\/p><h3><strong>Google Analytics<\/strong><\/h3><p>Diese Website benutzt Google Analytics, einen Webanalysedienst der Google Inc. (\u201cGoogle\u201d). Google Analytics verwendet sog. \u201cCookies\u201d, Textdateien, die auf Ihrem Computer gespeichert werden und die eine Analyse der Benutzung der Website durch Sie erm\u00f6glichen. Die durch den Cookie erzeugten Informationen \u00fcber Ihre Benutzung dieser Website werden in der Regel an einen Server von Google in den USA \u00fcbertragen und dort gespeichert. Im Falle der Aktivierung der IP-Anonymisierung auf dieser Webseite, wird Ihre IP-Adresse von Google jedoch innerhalb von Mitgliedstaaten der Europ\u00e4ischen Union oder in anderen Vertragsstaaten des Abkommens \u00fcber den Europ\u00e4ischen Wirtschaftsraum zuvor gek\u00fcrzt. Nur in Ausnahmef\u00e4llen wird die volle IP-Adresse an einen Server von Google in den USA \u00fcbertragen und dort gek\u00fcrzt.<\/p><p>Im Auftrag des Betreibers dieser Website wird Google diese Informationen benutzen, um Ihre Nutzung der Website auszuwerten, um Reports \u00fcber die Websiteaktivit\u00e4ten zusammenzustellen und um weitere mit der Websitenutzung und der Internetnutzung verbundene Dienstleistungen gegen\u00fcber dem Websitebetreiber zu erbringen. Die im Rahmen von Google Analytics von Ihrem Browser \u00fcbermittelte IP-Adresse wird nicht mit anderen Daten von Google zusammengef\u00fchrt.<\/p><p>Sie k\u00f6nnen die Speicherung der Cookies durch eine entsprechende Einstellung Ihrer Browser-Software verhindern; wir weisen Sie jedoch darauf hin, dass Sie in diesem Fall gegebenenfalls nicht s\u00e4mtliche Funktionen dieser Website vollumf\u00e4nglich werden nutzen k\u00f6nnen. Sie k\u00f6nnen dar\u00fcber hinaus die Erfassung der durch das Cookie erzeugten und auf Ihre Nutzung der Website bezogenen Daten (inkl. Ihrer IP-Adresse) an Google sowie die Verarbeitung dieser Daten durch Google verhindern, indem sie das unter dem folgenden Link verf\u00fcgbare Browser-Plugin herunterladen und installieren:\u00a0<a title=\"Google Analytics Browser-Plugin\" href=\"http:\/\/tools.google.com\/dlpage\/gaoptout?hl=de\" target=\"_blank\" rel=\"noopener\">http:\/\/tools.google.com\/dlpage\/gaoptout?hl=de<\/a><\/p>\t\t\t\t\t\t\t\t<\/div>\n\t\t\t\t<\/div>\n\t\t\t\t\t<\/div>\n\t\t<\/div>\n\t\t\t\t\t<\/div>\n\t\t<\/section>\n\t\t\t\t<section class=\"elementor-section elementor-top-section elementor-element elementor-element-3b40514 elementor-section-boxed elementor-section-height-default elementor-section-height-default\" data-id=\"3b40514\" data-element_type=\"section\" data-settings=\"{&quot;background_background&quot;:&quot;classic&quot;}\">\n\t\t\t\t\t\t\t<div class=\"elementor-background-overlay\"><\/div>\n\t\t\t\t\t\t\t<div class=\"elementor-container elementor-column-gap-no\">\n\t\t\t\t\t<div class=\"elementor-column elementor-col-100 elementor-top-column elementor-element elementor-element-2bd3df4\" data-id=\"2bd3df4\" data-element_type=\"column\">\n\t\t\t<div class=\"elementor-widget-wrap elementor-element-populated\">\n\t\t\t\t\t\t<div class=\"elementor-element elementor-element-8cbaaf7 elementor-widget elementor-widget-heading\" data-id=\"8cbaaf7\" data-element_type=\"widget\" data-widget_type=\"heading.default\">\n\t\t\t\t<div class=\"elementor-widget-container\">\n\t\t\t\t\t<h2 class=\"elementor-heading-title elementor-size-default\">Planen Sie noch heute einen unvergessliches Aufenhtalt in S\u00fcdtirol\n<\/h2>\t\t\t\t<\/div>\n\t\t\t\t<\/div>\n\t\t\t\t<div class=\"elementor-element elementor-element-bfddca3 elementor-widget elementor-widget-heading\" data-id=\"bfddca3\" data-element_type=\"widget\" data-widget_type=\"heading.default\">\n\t\t\t\t<div class=\"elementor-widget-container\">\n\t\t\t\t\t<p class=\"elementor-heading-title elementor-size-default\">BUCHEN SIE TELEFONISCH ODER DIREKT \u00dcBER UNSERE WEBSITE<\/p>\t\t\t\t<\/div>\n\t\t\t\t<\/div>\n\t\t\t\t<div class=\"elementor-element elementor-element-06e6e66 elementor-align-center elementor-icon-list--layout-traditional elementor-list-item-link-full_width elementor-widget elementor-widget-icon-list\" data-id=\"06e6e66\" data-element_type=\"widget\" data-widget_type=\"icon-list.default\">\n\t\t\t\t<div class=\"elementor-widget-container\">\n\t\t\t\t\t\t\t<ul class=\"elementor-icon-list-items\">\n\t\t\t\t\t\t\t<li class=\"elementor-icon-list-item\">\n\t\t\t\t\t\t\t\t\t\t\t<span class=\"elementor-icon-list-icon\">\n\t\t\t\t\t\t\t<i aria-hidden=\"true\" class=\"fas fa-phone-alt\"><\/i>\t\t\t\t\t\t<\/span>\n\t\t\t\t\t\t\t\t\t\t<span class=\"elementor-icon-list-text\">+39 - 0472 415 124<\/span>\n\t\t\t\t\t\t\t\t\t<\/li>\n\t\t\t\t\t\t<\/ul>\n\t\t\t\t\t\t<\/div>\n\t\t\t\t<\/div>\n\t\t\t\t<div class=\"elementor-element elementor-element-e47b6eb elementor-widget elementor-widget-image\" data-id=\"e47b6eb\" data-element_type=\"widget\" data-widget_type=\"image.default\">\n\t\t\t\t<div class=\"elementor-widget-container\">\n\t\t\t\t\t\t\t\t\t\t\t\t\t\t\t<img decoding=\"async\" width=\"300\" height=\"159\" src=\"https:\/\/www.gasthof-paul.com\/wp-content\/uploads\/2022\/04\/S__dtirol-logo-07B8695C74-seeklogo.com_.png\" class=\"attachment-large size-large wp-image-632\" alt=\"\" \/>\t\t\t\t\t\t\t\t\t\t\t\t\t\t\t<\/div>\n\t\t\t\t<\/div>\n\t\t\t\t\t<\/div>\n\t\t<\/div>\n\t\t\t\t\t<\/div>\n\t\t<\/section>\n\t\t\t\t<\/div>\n\t\t","protected":false},"excerpt":{"rendered":"<p>Impressum Betreiber der Homepage Weger FabianNatz \u2013\u00a0F\u00fcrstnergasse 339040 Natz\/Schabs (Italien) Tel.: (+39) 0472 415 124Fax.: (+39) 0472 \/ 415 061E-Mail: info@gasthof-paul.com CIN: IT021057A19XG5CCQK Haftungsausschluss und Hinweise Diese Website enth\u00e4lt Links auf Websites von Dritten. Trotz sorgf\u00e4ltiger inhaltlicher Kontrolle wird keinerlei Haftung f\u00fcr den Inhalt der verlinkten Websites \u00fcbernommen. Die Verantwortung und Haftung f\u00fcr deren Inhalt [&hellip;]<\/p>\n","protected":false},"author":1,"featured_media":0,"parent":0,"menu_order":0,"comment_status":"closed","ping_status":"closed","template":"","meta":{"site-sidebar-layout":"no-sidebar","site-content-layout":"page-builder","ast-site-content-layout":"","site-content-style":"default","site-sidebar-style":"default","ast-global-header-display":"","ast-banner-title-visibility":"","ast-main-header-display":"","ast-hfb-above-header-display":"","ast-hfb-below-header-display":"","ast-hfb-mobile-header-display":"","site-post-title":"disabled","ast-breadcrumbs-content":"","ast-featured-img":"disabled","footer-sml-layout":"","theme-transparent-header-meta":"enabled","adv-header-id-meta":"","stick-header-meta":"","header-above-stick-meta":"","header-main-stick-meta":"","header-below-stick-meta":"","astra-migrate-meta-layouts":"default","ast-page-background-enabled":"default","ast-page-background-meta":{"desktop":{"background-color":"","background-image":"","background-repeat":"repeat","background-position":"center center","background-size":"auto","background-attachment":"scroll","background-type":"","background-media":"","overlay-type":"","overlay-color":"","overlay-opacity":"","overlay-gradient":""},"tablet":{"background-color":"","background-image":"","background-repeat":"repeat","background-position":"center center","background-size":"auto","background-attachment":"scroll","background-type":"","background-media":"","overlay-type":"","overlay-color":"","overlay-opacity":"","overlay-gradient":""},"mobile":{"background-color":"","background-image":"","background-repeat":"repeat","background-position":"center center","background-size":"auto","background-attachment":"scroll","background-type":"","background-media":"","overlay-type":"","overlay-color":"","overlay-opacity":"","overlay-gradient":""}},"ast-content-background-meta":{"desktop":{"background-color":"var(--ast-global-color-5)","background-image":"","background-repeat":"repeat","background-position":"center center","background-size":"auto","background-attachment":"scroll","background-type":"","background-media":"","overlay-type":"","overlay-color":"","overlay-opacity":"","overlay-gradient":""},"tablet":{"background-color":"var(--ast-global-color-5)","background-image":"","background-repeat":"repeat","background-position":"center center","background-size":"auto","background-attachment":"scroll","background-type":"","background-media":"","overlay-type":"","overlay-color":"","overlay-opacity":"","overlay-gradient":""},"mobile":{"background-color":"var(--ast-global-color-5)","background-image":"","background-repeat":"repeat","background-position":"center center","background-size":"auto","background-attachment":"scroll","background-type":"","background-media":"","overlay-type":"","overlay-color":"","overlay-opacity":"","overlay-gradient":""}},"footnotes":""},"class_list":["post-783","page","type-page","status-publish","hentry"],"_links":{"self":[{"href":"https:\/\/www.gasthof-paul.com\/index.php?rest_route=\/wp\/v2\/pages\/783","targetHints":{"allow":["GET"]}}],"collection":[{"href":"https:\/\/www.gasthof-paul.com\/index.php?rest_route=\/wp\/v2\/pages"}],"about":[{"href":"https:\/\/www.gasthof-paul.com\/index.php?rest_route=\/wp\/v2\/types\/page"}],"author":[{"embeddable":true,"href":"https:\/\/www.gasthof-paul.com\/index.php?rest_route=\/wp\/v2\/users\/1"}],"replies":[{"embeddable":true,"href":"https:\/\/www.gasthof-paul.com\/index.php?rest_route=%2Fwp%2Fv2%2Fcomments&post=783"}],"version-history":[{"count":43,"href":"https:\/\/www.gasthof-paul.com\/index.php?rest_route=\/wp\/v2\/pages\/783\/revisions"}],"predecessor-version":[{"id":1731,"href":"https:\/\/www.gasthof-paul.com\/index.php?rest_route=\/wp\/v2\/pages\/783\/revisions\/1731"}],"wp:attachment":[{"href":"https:\/\/www.gasthof-paul.com\/index.php?rest_route=%2Fwp%2Fv2%2Fmedia&parent=783"}],"curies":[{"name":"wp","href":"https:\/\/api.w.org\/{rel}","templated":true}]}}