{"id":796,"date":"2022-05-03T12:55:33","date_gmt":"2022-05-03T10:55:33","guid":{"rendered":"http:\/\/gasthof-paul.com\/test\/?page_id=796"},"modified":"2024-03-23T10:44:17","modified_gmt":"2024-03-23T09:44:17","slug":"aktivitaeten","status":"publish","type":"page","link":"https:\/\/www.gasthof-paul.com\/?page_id=796","title":{"rendered":"Aktivit\u00e4ten"},"content":{"rendered":"\t\t<div data-elementor-type=\"wp-page\" data-elementor-id=\"796\" class=\"elementor elementor-796\">\n\t\t\t\t\t\t<section class=\"elementor-section elementor-top-section elementor-element elementor-element-e059ce7 elementor-section-boxed elementor-section-height-default elementor-section-height-default\" data-id=\"e059ce7\" data-element_type=\"section\" data-settings=\"{&quot;background_background&quot;:&quot;classic&quot;}\">\n\t\t\t\t\t\t\t<div class=\"elementor-background-overlay\"><\/div>\n\t\t\t\t\t\t\t<div class=\"elementor-container elementor-column-gap-default\">\n\t\t\t\t\t<div class=\"elementor-column elementor-col-100 elementor-top-column elementor-element elementor-element-363bcf8\" data-id=\"363bcf8\" data-element_type=\"column\">\n\t\t\t<div class=\"elementor-widget-wrap elementor-element-populated\">\n\t\t\t\t\t\t<div class=\"elementor-element elementor-element-1ccfb59 elementor-widget elementor-widget-heading\" data-id=\"1ccfb59\" data-element_type=\"widget\" data-widget_type=\"heading.default\">\n\t\t\t\t<div class=\"elementor-widget-container\">\n\t\t\t\t\t<h1 class=\"elementor-heading-title elementor-size-default\">Aktivit\u00e4ten<\/h1>\t\t\t\t<\/div>\n\t\t\t\t<\/div>\n\t\t\t\t<div class=\"elementor-element elementor-element-28fd140 elementor-widget elementor-widget-text-editor\" data-id=\"28fd140\" data-element_type=\"widget\" data-widget_type=\"text-editor.default\">\n\t\t\t\t<div class=\"elementor-widget-container\">\n\t\t\t\t\t\t\t\t\t<p>Im\u00a0Sommer sowie im Winter findet jeder bei uns das was er sucht. Durch\u00a0die zentrale sonnige\u00a0Lage vom\u00a0Apfelhochplateau und einem sehr angenehmen Klima werden s\u00e4mtliche Aktivit\u00e4ten zu einem unvergesslichen Erlebnis.<\/p>\t\t\t\t\t\t\t\t<\/div>\n\t\t\t\t<\/div>\n\t\t\t\t\t<\/div>\n\t\t<\/div>\n\t\t\t\t\t<\/div>\n\t\t<\/section>\n\t\t\t\t<section class=\"elementor-section elementor-top-section elementor-element elementor-element-70cc886 elementor-section-boxed elementor-section-height-default elementor-section-height-default\" data-id=\"70cc886\" data-element_type=\"section\">\n\t\t\t\t\t\t<div class=\"elementor-container elementor-column-gap-default\">\n\t\t\t\t\t<div class=\"elementor-column elementor-col-100 elementor-top-column elementor-element elementor-element-82a38a9\" data-id=\"82a38a9\" data-element_type=\"column\">\n\t\t\t<div class=\"elementor-widget-wrap elementor-element-populated\">\n\t\t\t\t\t\t\t<\/div>\n\t\t<\/div>\n\t\t\t\t\t<\/div>\n\t\t<\/section>\n\t\t\t\t<section class=\"elementor-section elementor-top-section elementor-element elementor-element-e5f0bbb elementor-section-boxed elementor-section-height-default elementor-section-height-default\" data-id=\"e5f0bbb\" data-element_type=\"section\" data-settings=\"{&quot;background_background&quot;:&quot;classic&quot;}\">\n\t\t\t\t\t\t<div class=\"elementor-container elementor-column-gap-default\">\n\t\t\t\t\t<div class=\"elementor-column elementor-col-100 elementor-top-column elementor-element elementor-element-916cd4b\" data-id=\"916cd4b\" data-element_type=\"column\">\n\t\t\t<div class=\"elementor-widget-wrap elementor-element-populated\">\n\t\t\t\t\t\t<section class=\"elementor-section elementor-inner-section elementor-element elementor-element-55ff4f4 elementor-section-boxed elementor-section-height-default elementor-section-height-default\" data-id=\"55ff4f4\" data-element_type=\"section\">\n\t\t\t\t\t\t<div class=\"elementor-container elementor-column-gap-default\">\n\t\t\t\t\t<div class=\"elementor-column elementor-col-50 elementor-inner-column elementor-element elementor-element-6a311ad\" data-id=\"6a311ad\" data-element_type=\"column\">\n\t\t\t<div class=\"elementor-widget-wrap elementor-element-populated\">\n\t\t\t\t\t\t<div class=\"elementor-element elementor-element-99ea48c elementor-widget elementor-widget-image\" data-id=\"99ea48c\" data-element_type=\"widget\" data-widget_type=\"image.default\">\n\t\t\t\t<div class=\"elementor-widget-container\">\n\t\t\t\t\t\t\t\t\t\t\t\t\t\t\t<img fetchpriority=\"high\" decoding=\"async\" width=\"1024\" height=\"683\" src=\"https:\/\/www.gasthof-paul.com\/wp-content\/uploads\/2022\/04\/IMG_0173-1024x683.jpg\" class=\"attachment-large size-large wp-image-671\" alt=\"\" srcset=\"https:\/\/www.gasthof-paul.com\/wp-content\/uploads\/2022\/04\/IMG_0173-1024x683.jpg 1024w, https:\/\/www.gasthof-paul.com\/wp-content\/uploads\/2022\/04\/IMG_0173-300x200.jpg 300w, https:\/\/www.gasthof-paul.com\/wp-content\/uploads\/2022\/04\/IMG_0173-768x512.jpg 768w, https:\/\/www.gasthof-paul.com\/wp-content\/uploads\/2022\/04\/IMG_0173-1536x1024.jpg 1536w, https:\/\/www.gasthof-paul.com\/wp-content\/uploads\/2022\/04\/IMG_0173-2048x1365.jpg 2048w\" sizes=\"(max-width: 1024px) 100vw, 1024px\" \/>\t\t\t\t\t\t\t\t\t\t\t\t\t\t\t<\/div>\n\t\t\t\t<\/div>\n\t\t\t\t<div class=\"elementor-element elementor-element-c83958f elementor-widget elementor-widget-text-editor\" data-id=\"c83958f\" data-element_type=\"widget\" data-widget_type=\"text-editor.default\">\n\t\t\t\t<div class=\"elementor-widget-container\">\n\t\t\t\t\t\t\t\t\t<p>Winter<\/p>\t\t\t\t\t\t\t\t<\/div>\n\t\t\t\t<\/div>\n\t\t\t\t<div class=\"elementor-element elementor-element-4b2f272 elementor-widget elementor-widget-text-editor\" data-id=\"4b2f272\" data-element_type=\"widget\" data-widget_type=\"text-editor.default\">\n\t\t\t\t<div class=\"elementor-widget-container\">\n\t\t\t\t\t\t\t\t\t<p>Durch die zentrale Lage im sch\u00f6nen Eisacktal \u00a0ist\u00a0Natz\u00a0ein sehr guter\u00a0Ausgangspunkt zu den nahegelegenen Wintersportgebieten. Die\u00a0Skigebiete\u00a0Plose, Meransen\/Gitschberg, Vals\/Jochtal, Kronplatz, Rosskopf und Ratschings befinden sich im Umkreis von 30\u00a0Kilometern. Die Skigebiete bieten Ihne wundersch\u00f6ne Skipisten mit Kinderparks, sehr sch\u00f6ne Bergh\u00fctten, Langlaufloipen und Rodelbahnen. Als Wintersportfan finden Sie bestimmt was sie Suchen. F\u00fcr Wanderbegeisterte gibt es auch die M\u00f6glichkeite eine Schneeschuhwanderung durchzuf\u00fchren. Ein t\u00e4glicher Skibus bringt Sie auf die Plose oder auf den Gitschberg bzw. ins Jochtal im\u00a0Pustertal.<\/p>\t\t\t\t\t\t\t\t<\/div>\n\t\t\t\t<\/div>\n\t\t\t\t\t<\/div>\n\t\t<\/div>\n\t\t\t\t<div class=\"elementor-column elementor-col-50 elementor-inner-column elementor-element elementor-element-1269061\" data-id=\"1269061\" data-element_type=\"column\">\n\t\t\t<div class=\"elementor-widget-wrap elementor-element-populated\">\n\t\t\t\t\t\t<div class=\"elementor-element elementor-element-a0cd093 elementor-widget elementor-widget-text-editor\" data-id=\"a0cd093\" data-element_type=\"widget\" data-widget_type=\"text-editor.default\">\n\t\t\t\t<div class=\"elementor-widget-container\">\n\t\t\t\t\t\t\t\t\t<p>Sommer<\/p>\t\t\t\t\t\t\t\t<\/div>\n\t\t\t\t<\/div>\n\t\t\t\t<div class=\"elementor-element elementor-element-674fb11 elementor-widget elementor-widget-text-editor\" data-id=\"674fb11\" data-element_type=\"widget\" data-widget_type=\"text-editor.default\">\n\t\t\t\t<div class=\"elementor-widget-container\">\n\t\t\t\t\t\t\t\t\t<p>Ob Sie&nbsp;gerne einen&nbsp;sportlichen Urlaub verbringen m\u00f6chten&nbsp;oder &nbsp;doch lieber atemberaubende und spannende Ausfl\u00fcge mit der Familie durchf\u00fchren m\u00f6chten, das Apfelhochplateau Natz-Schabs&nbsp; bietet eine landschaftlich reizvolle Kulisse und eine gro\u00dfe Auswahl an M\u00f6glichkeiten. Wandern in Natz und Umgebung, besuchen von Musen in S\u00fcdtirol und viele weitere Aktivit\u00e4ten warten hier auf Sie.&nbsp;<\/p>\t\t\t\t\t\t\t\t<\/div>\n\t\t\t\t<\/div>\n\t\t\t\t<div class=\"elementor-element elementor-element-fb26424 elementor-widget elementor-widget-image\" data-id=\"fb26424\" data-element_type=\"widget\" data-widget_type=\"image.default\">\n\t\t\t\t<div class=\"elementor-widget-container\">\n\t\t\t\t\t\t\t\t\t\t\t\t\t\t\t<img decoding=\"async\" width=\"1024\" height=\"768\" src=\"https:\/\/www.gasthof-paul.com\/wp-content\/uploads\/2022\/05\/180120193584516-1024x768.jpg\" class=\"attachment-large size-large wp-image-851\" alt=\"\" srcset=\"https:\/\/www.gasthof-paul.com\/wp-content\/uploads\/2022\/05\/180120193584516-1024x768.jpg 1024w, https:\/\/www.gasthof-paul.com\/wp-content\/uploads\/2022\/05\/180120193584516-300x225.jpg 300w, https:\/\/www.gasthof-paul.com\/wp-content\/uploads\/2022\/05\/180120193584516-768x576.jpg 768w, https:\/\/www.gasthof-paul.com\/wp-content\/uploads\/2022\/05\/180120193584516-1536x1152.jpg 1536w, https:\/\/www.gasthof-paul.com\/wp-content\/uploads\/2022\/05\/180120193584516.jpg 1600w\" sizes=\"(max-width: 1024px) 100vw, 1024px\" \/>\t\t\t\t\t\t\t\t\t\t\t\t\t\t\t<\/div>\n\t\t\t\t<\/div>\n\t\t\t\t\t<\/div>\n\t\t<\/div>\n\t\t\t\t\t<\/div>\n\t\t<\/section>\n\t\t\t\t\t<\/div>\n\t\t<\/div>\n\t\t\t\t\t<\/div>\n\t\t<\/section>\n\t\t\t\t<section class=\"elementor-section elementor-top-section elementor-element elementor-element-3b40514 elementor-section-boxed elementor-section-height-default elementor-section-height-default\" data-id=\"3b40514\" data-element_type=\"section\" data-settings=\"{&quot;background_background&quot;:&quot;classic&quot;}\">\n\t\t\t\t\t\t\t<div class=\"elementor-background-overlay\"><\/div>\n\t\t\t\t\t\t\t<div class=\"elementor-container elementor-column-gap-no\">\n\t\t\t\t\t<div class=\"elementor-column elementor-col-100 elementor-top-column elementor-element elementor-element-2bd3df4\" data-id=\"2bd3df4\" data-element_type=\"column\">\n\t\t\t<div class=\"elementor-widget-wrap elementor-element-populated\">\n\t\t\t\t\t\t<div class=\"elementor-element elementor-element-8cbaaf7 elementor-widget elementor-widget-heading\" data-id=\"8cbaaf7\" data-element_type=\"widget\" data-widget_type=\"heading.default\">\n\t\t\t\t<div class=\"elementor-widget-container\">\n\t\t\t\t\t<h2 class=\"elementor-heading-title elementor-size-default\">Planen Sie noch heute einen unvergessliches Aufenhtalt in S\u00fcdtirol\n<\/h2>\t\t\t\t<\/div>\n\t\t\t\t<\/div>\n\t\t\t\t<div class=\"elementor-element elementor-element-bfddca3 elementor-widget elementor-widget-heading\" data-id=\"bfddca3\" data-element_type=\"widget\" data-widget_type=\"heading.default\">\n\t\t\t\t<div class=\"elementor-widget-container\">\n\t\t\t\t\t<p class=\"elementor-heading-title elementor-size-default\">BUCHEN SIE TELEFONISCH ODER DIREKT \u00dcBER UNSERE WEBSITE<\/p>\t\t\t\t<\/div>\n\t\t\t\t<\/div>\n\t\t\t\t<div class=\"elementor-element elementor-element-06e6e66 elementor-align-center elementor-icon-list--layout-traditional elementor-list-item-link-full_width elementor-widget elementor-widget-icon-list\" data-id=\"06e6e66\" data-element_type=\"widget\" data-widget_type=\"icon-list.default\">\n\t\t\t\t<div class=\"elementor-widget-container\">\n\t\t\t\t\t\t\t<ul class=\"elementor-icon-list-items\">\n\t\t\t\t\t\t\t<li class=\"elementor-icon-list-item\">\n\t\t\t\t\t\t\t\t\t\t\t<span class=\"elementor-icon-list-icon\">\n\t\t\t\t\t\t\t<i aria-hidden=\"true\" class=\"fas fa-phone-alt\"><\/i>\t\t\t\t\t\t<\/span>\n\t\t\t\t\t\t\t\t\t\t<span class=\"elementor-icon-list-text\">+39 - 0472 415 124<\/span>\n\t\t\t\t\t\t\t\t\t<\/li>\n\t\t\t\t\t\t<\/ul>\n\t\t\t\t\t\t<\/div>\n\t\t\t\t<\/div>\n\t\t\t\t<div class=\"elementor-element elementor-element-e47b6eb elementor-widget elementor-widget-image\" data-id=\"e47b6eb\" data-element_type=\"widget\" data-widget_type=\"image.default\">\n\t\t\t\t<div class=\"elementor-widget-container\">\n\t\t\t\t\t\t\t\t\t\t\t\t\t\t\t<img decoding=\"async\" width=\"300\" height=\"159\" src=\"https:\/\/www.gasthof-paul.com\/wp-content\/uploads\/2022\/04\/S__dtirol-logo-07B8695C74-seeklogo.com_.png\" class=\"attachment-large size-large wp-image-632\" alt=\"\" \/>\t\t\t\t\t\t\t\t\t\t\t\t\t\t\t<\/div>\n\t\t\t\t<\/div>\n\t\t\t\t\t<\/div>\n\t\t<\/div>\n\t\t\t\t\t<\/div>\n\t\t<\/section>\n\t\t\t\t<\/div>\n\t\t","protected":false},"excerpt":{"rendered":"<p>Aktivit\u00e4ten Im\u00a0Sommer sowie im Winter findet jeder bei uns das was er sucht. Durch\u00a0die zentrale sonnige\u00a0Lage vom\u00a0Apfelhochplateau und einem sehr angenehmen Klima werden s\u00e4mtliche Aktivit\u00e4ten zu einem unvergesslichen Erlebnis. Winter Durch die zentrale Lage im sch\u00f6nen Eisacktal \u00a0ist\u00a0Natz\u00a0ein sehr guter\u00a0Ausgangspunkt zu den nahegelegenen Wintersportgebieten. Die\u00a0Skigebiete\u00a0Plose, Meransen\/Gitschberg, Vals\/Jochtal, Kronplatz, Rosskopf und Ratschings befinden sich im Umkreis [&hellip;]<\/p>\n","protected":false},"author":1,"featured_media":0,"parent":0,"menu_order":0,"comment_status":"closed","ping_status":"closed","template":"","meta":{"site-sidebar-layout":"no-sidebar","site-content-layout":"page-builder","ast-site-content-layout":"","site-content-style":"default","site-sidebar-style":"default","ast-global-header-display":"","ast-banner-title-visibility":"","ast-main-header-display":"","ast-hfb-above-header-display":"","ast-hfb-below-header-display":"","ast-hfb-mobile-header-display":"","site-post-title":"disabled","ast-breadcrumbs-content":"","ast-featured-img":"disabled","footer-sml-layout":"","theme-transparent-header-meta":"enabled","adv-header-id-meta":"","stick-header-meta":"","header-above-stick-meta":"","header-main-stick-meta":"","header-below-stick-meta":"","astra-migrate-meta-layouts":"default","ast-page-background-enabled":"default","ast-page-background-meta":{"desktop":{"background-color":"","background-image":"","background-repeat":"repeat","background-position":"center center","background-size":"auto","background-attachment":"scroll","background-type":"","background-media":"","overlay-type":"","overlay-color":"","overlay-opacity":"","overlay-gradient":""},"tablet":{"background-color":"","background-image":"","background-repeat":"repeat","background-position":"center center","background-size":"auto","background-attachment":"scroll","background-type":"","background-media":"","overlay-type":"","overlay-color":"","overlay-opacity":"","overlay-gradient":""},"mobile":{"background-color":"","background-image":"","background-repeat":"repeat","background-position":"center center","background-size":"auto","background-attachment":"scroll","background-type":"","background-media":"","overlay-type":"","overlay-color":"","overlay-opacity":"","overlay-gradient":""}},"ast-content-background-meta":{"desktop":{"background-color":"var(--ast-global-color-5)","background-image":"","background-repeat":"repeat","background-position":"center center","background-size":"auto","background-attachment":"scroll","background-type":"","background-media":"","overlay-type":"","overlay-color":"","overlay-opacity":"","overlay-gradient":""},"tablet":{"background-color":"var(--ast-global-color-5)","background-image":"","background-repeat":"repeat","background-position":"center center","background-size":"auto","background-attachment":"scroll","background-type":"","background-media":"","overlay-type":"","overlay-color":"","overlay-opacity":"","overlay-gradient":""},"mobile":{"background-color":"var(--ast-global-color-5)","background-image":"","background-repeat":"repeat","background-position":"center center","background-size":"auto","background-attachment":"scroll","background-type":"","background-media":"","overlay-type":"","overlay-color":"","overlay-opacity":"","overlay-gradient":""}},"footnotes":""},"class_list":["post-796","page","type-page","status-publish","hentry"],"_links":{"self":[{"href":"https:\/\/www.gasthof-paul.com\/index.php?rest_route=\/wp\/v2\/pages\/796","targetHints":{"allow":["GET"]}}],"collection":[{"href":"https:\/\/www.gasthof-paul.com\/index.php?rest_route=\/wp\/v2\/pages"}],"about":[{"href":"https:\/\/www.gasthof-paul.com\/index.php?rest_route=\/wp\/v2\/types\/page"}],"author":[{"embeddable":true,"href":"https:\/\/www.gasthof-paul.com\/index.php?rest_route=\/wp\/v2\/users\/1"}],"replies":[{"embeddable":true,"href":"https:\/\/www.gasthof-paul.com\/index.php?rest_route=%2Fwp%2Fv2%2Fcomments&post=796"}],"version-history":[{"count":26,"href":"https:\/\/www.gasthof-paul.com\/index.php?rest_route=\/wp\/v2\/pages\/796\/revisions"}],"predecessor-version":[{"id":1067,"href":"https:\/\/www.gasthof-paul.com\/index.php?rest_route=\/wp\/v2\/pages\/796\/revisions\/1067"}],"wp:attachment":[{"href":"https:\/\/www.gasthof-paul.com\/index.php?rest_route=%2Fwp%2Fv2%2Fmedia&parent=796"}],"curies":[{"name":"wp","href":"https:\/\/api.w.org\/{rel}","templated":true}]}}